{"id":24,"date":"2026-01-30T11:01:31","date_gmt":"2026-01-30T10:01:31","guid":{"rendered":"http:\/\/neu.afv-merkur.de\/?page_id=24"},"modified":"2026-04-10T15:12:35","modified_gmt":"2026-04-10T13:12:35","slug":"gewaesser","status":"publish","type":"page","link":"http:\/\/www.afv-merkur.de\/?page_id=24","title":{"rendered":"Unser Gew\u00e4sser"},"content":{"rendered":"<div class=\"wp-block-image\">\n<figure class=\"aligncenter size-full is-resized\"><img loading=\"lazy\" decoding=\"async\" width=\"940\" height=\"506\" src=\"http:\/\/neu.afv-merkur.de\/wp-content\/uploads\/2026\/01\/see.jpg\" alt=\"\" class=\"wp-image-38\" style=\"aspect-ratio:1.8577516810304007;width:572px;height:auto\" srcset=\"http:\/\/www.afv-merkur.de\/wp-content\/uploads\/2026\/01\/see.jpg 940w, http:\/\/www.afv-merkur.de\/wp-content\/uploads\/2026\/01\/see-300x161.jpg 300w, http:\/\/www.afv-merkur.de\/wp-content\/uploads\/2026\/01\/see-768x413.jpg 768w\" sizes=\"auto, (max-width: 940px) 100vw, 940px\" \/><figcaption class=\"wp-element-caption\">Stollenw\u00f6rthweiher aus der Luft<\/figcaption><\/figure>\n<\/div>\n\n\n<h2 class=\"wp-block-heading\">Der Stollenw\u00f6rthweiher als Vereinsgew\u00e4sser des AFV Merkur<\/h2>\n\n\n\n<p>Der Stollenw\u00f6rthweiher ist ein Angler- und Badesee im Stadtteil Niederfeld, Stadtbezirk Neckarau, im S\u00fcdwesten von Mannheim. Er entstand als Baggersee durch Kiesabbau im 20. Jahrhundert.<\/p>\n\n\n\n<p>Im Jahre 1953 konnte der AFV Merkur den Stollenw\u00f6rthweiher von der Stadt Mannheim als Vereinsgew\u00e4sser anpachten. Es konnte ein Bootssteg gebaut werden, an dem bis zu 50 Boote anliegen, die den Mitgliedern geh\u00f6ren und ihnen so die M\u00f6glichkeit bietet ihr Hobby auch auf dem See auszu\u00fcben.<\/p>\n\n\n\n<p>Die leider recht schmale Uferzone besitzt einen alten, hohen Baumbestand mit Unterholz in dem viele, auch seltene Vogelarten ihr Brutrevier haben. H\u00f6ckerschw\u00e4ne, Stockenten, Haubentaucher und Blessh\u00fchner br\u00fcten hier und bev\u00f6lkern neben anderen Wasserv\u00f6geln den See. Im Sommer kann man nicht selten Wasserschildkr\u00f6ten beobachten, welche sich auf einem umgest\u00fcrzten Baum die Sonne auf den Panzer scheinen lassen.<\/p>\n\n\n\n<p>Die Gew\u00e4sserpflege- und hege des Stollenw\u00f6rthweihers mit allen Lebewesen, war und ist im besonderen ein Gro\u00dfteil der Arbeit des gesamten Vorstandes und der Mitglieder des AFV Merkur.<\/p>\n\n\n\n<p>Die gute Zusammenarbeit mit der Stadt Mannheim und des Regierungspr\u00e4sidiums Karlsruhe in Bezug auf Fischbesatzma\u00dfnahmen und Gew\u00e4sserpflege haben daf\u00fcr gesorgt, dass der Stollenw\u00f6rthweiher und seine Uferregionen einer Vielzahl an Fischarten und vom Aussterben bedrohten V\u00f6gel undanderer Tierarten, einen sicheren Ort bietet.<\/p>\n\n\n\n<p>Der See gilt als einer der saubersten Angel- und Badeseen in der Umgebung.<\/p>\n\n\n\n<p>Durch j\u00e4hrliche Besatzma\u00dfnahmen wird f\u00fcr einen ausgewogenen Fischbestand gesorgt. Hecht, Zander, Karpfen, Schleie, Aale, Barsche und Welse, sowie viele Wei\u00dffischarten werden in ausreichender Zahl gefangen.<\/p>\n\n\n\n<p>Angelm\u00f6glichkeiten gibt es vom Ufer und vom Boot aus.<\/p>\n\n\n\n<p>Insgesamt misst der See 800 Meter L\u00e4nge und 200 Meter Breite (jeweils an der \u00e4u\u00dfersten Stelle gemessen).<\/p>\n\n\n\nngg_shortcode_0_placeholder\n","protected":false},"excerpt":{"rendered":"<p>Der Stollenw\u00f6rthweiher als Vereinsgew\u00e4sser des AFV Merkur Der Stollenw\u00f6rthweiher ist ein Angler- und Badesee im Stadtteil Niederfeld, Stadtbezirk Neckarau, im S\u00fcdwesten von Mannheim. Er entstand als Baggersee durch Kiesabbau im 20. Jahrhundert. Im Jahre 1953 konnte der AFV Merkur den Stollenw\u00f6rthweiher von der Stadt Mannheim als Vereinsgew\u00e4sser anpachten. Es konnte ein Bootssteg gebaut werden, an&#8230;<\/p>\n","protected":false},"author":1,"featured_media":0,"parent":0,"menu_order":0,"comment_status":"closed","ping_status":"closed","template":"","meta":{"ngg_post_thumbnail":0,"_kad_post_transparent":"","_kad_post_title":"","_kad_post_layout":"","_kad_post_sidebar_id":"","_kad_post_content_style":"","_kad_post_vertical_padding":"","_kad_post_feature":"","_kad_post_feature_position":"","_kad_post_header":false,"_kad_post_footer":false,"_kad_post_classname":"","footnotes":""},"class_list":["post-24","page","type-page","status-publish","hentry"],"_links":{"self":[{"href":"http:\/\/www.afv-merkur.de\/index.php?rest_route=\/wp\/v2\/pages\/24","targetHints":{"allow":["GET"]}}],"collection":[{"href":"http:\/\/www.afv-merkur.de\/index.php?rest_route=\/wp\/v2\/pages"}],"about":[{"href":"http:\/\/www.afv-merkur.de\/index.php?rest_route=\/wp\/v2\/types\/page"}],"author":[{"embeddable":true,"href":"http:\/\/www.afv-merkur.de\/index.php?rest_route=\/wp\/v2\/users\/1"}],"replies":[{"embeddable":true,"href":"http:\/\/www.afv-merkur.de\/index.php?rest_route=%2Fwp%2Fv2%2Fcomments&post=24"}],"version-history":[{"count":6,"href":"http:\/\/www.afv-merkur.de\/index.php?rest_route=\/wp\/v2\/pages\/24\/revisions"}],"predecessor-version":[{"id":96,"href":"http:\/\/www.afv-merkur.de\/index.php?rest_route=\/wp\/v2\/pages\/24\/revisions\/96"}],"wp:attachment":[{"href":"http:\/\/www.afv-merkur.de\/index.php?rest_route=%2Fwp%2Fv2%2Fmedia&parent=24"}],"curies":[{"name":"wp","href":"https:\/\/api.w.org\/{rel}","templated":true}]}}