{"id":2,"date":"2026-01-23T19:13:54","date_gmt":"2026-01-23T18:13:54","guid":{"rendered":"http:\/\/neu.afv-merkur.de\/?page_id=2"},"modified":"2026-04-10T15:44:44","modified_gmt":"2026-04-10T13:44:44","slug":"verein","status":"publish","type":"page","link":"http:\/\/www.afv-merkur.de\/","title":{"rendered":"Unser Verein"},"content":{"rendered":"\n<h2 class=\"wp-block-heading\">Der AFV Merkur im Wandel der Zeit<\/h2>\n\n\n\n<p>Am 2. Februar 1911, kamen in K 2, in Mannheim elf begeisterte Petrij\u00fcnger zusammen, um einen eigenen Verein zu gr\u00fcnden:<br>den heute \u00fcber 100 Jahre bestehenden Angel-Fischer Verein Merkur Mannheim e.V.<\/p>\n\n\n\n<p>In den Wirren des ersten und zweiten Weltkrieges waren die Aktivit\u00e4ten des Vereins sehr behindert, und dennoch ging es nach 1945 weiter voran.<\/p>\n\n\n\n<p>Die schnell anwachsende Mitgliederzahl aus der gesamten Mannheimer Region lie\u00df den AFV Merkur zum Mitgliederst\u00e4rksten Verein im Badischen Sportfischer Verband werden.<\/p>\n\n\n\n<p>Die Interessen des Vereins liegen weit gestreut in der Pflege von Geselligkeit und Kameradschaft, das Heranf\u00fchren der Jugend an das Waidgerechte Fischen, sowie das Hegen von Gew\u00e4ssern und dessen Bewohnern.<\/p>\n\n\n\n<p>Wenn das Herz des AFV Merkur nach der Gr\u00fcndung am Neckar und in verschiedenen Versammlungslokalen Mannheims schlug, so hatte sich das im Jahr 1953 durch die Anpachtung eines Gew\u00e4ssers, dem Stollenw\u00f6rthweiher in Mannheim-Neckarau (damals noch Niederfeldweg V), ge\u00e4ndert.<\/p>\n\n\n\n<p>Dort wurde vom ersten Tag an mit viel Flei\u00df der Mitglieder und nicht unbetr\u00e4chtlichen finanziellen Investitionen, im Laufe der Jahre aus einer ausgedienten Baracke als erste Unterkunft, eine gem\u00fctliche Anglerh\u00fctte geschaffen.<\/p>\n\n\n\n<p>Das Jahr 1993 brachte einen weiteren Einschnitt in der Vereinshistorie. Die inzwischen mehrfach renovierte \u201eH\u00fctte\u201c wurde bauf\u00e4llig und entsprach bei weitem nicht mehr unseren Anspr\u00fcchen.<\/p>\n\n\n\n<p>So wurde am 25.10.1993 die legend\u00e4re H\u00fctte abgerissen und am 6. November erfolgte der 1. Spatenstich f\u00fcr den Neubau unseres Vereinshauses mit Restaurant und gro\u00dfer Terrasse mit Blick auf den Weiher.<\/p>\n\n\n\n<p>Bereits am 12.02.1994 konnten wir unser Richtfest feiern und am 3. Juli 1994 wurde nach nur 9-monatiger Bauzeit (\u00fcberwiegend in Eigenarbeit) das Lokal er\u00f6ffnet.<\/p>\n\n\n\n<p>Die offizielle Hauseinweihung erfolgte am 6. November 1994.<\/p>\n\n\n\n<p>Die Gew\u00e4sserpflege- und hege des Stollenw\u00f6rthweihers mit allen Lebewesen, war und ist im besonderen ein Gro\u00dfteil der Arbeit des gesamten Vorstandes und der Mitglieder des AFV Merkur.<\/p>\n\n\n\n<p>Die gute Zusammenarbeit mit der Stadt Mannheim und des Regierungspr\u00e4sidiums Karlsruhe in Bezug auf Fischbesatzma\u00dfnahmen und Gew\u00e4sserpflege haben daf\u00fcr gesorgt, dass der Stollenw\u00f6rthweiher und seine Uferregionen einer Vielzahl an Fischarten und vom Aussterben bedrohten V\u00f6gel und anderer Tierarten, einen sicheren Ort bietet.<\/p>\n\n\n\n<h2 class=\"wp-block-heading\">Jugendarbeit des AFV Merkur<\/h2>\n\n\n\n<p>Der AFV Merkur hat sich zum Ziel gesetzt, Kindern und Jugendlichen das Naturerlebnis Angeln zu erm\u00f6glichen. Die Vereins- und Jugendleitung sind sehr bem\u00fcht, unseren Junganglern ein reichhaltiges zu bieten. Nicht nur in praktischer Hinsicht m\u00f6chten wir den Jugendlichen die verschiedensten Angeltechniken beibringen.<\/p>\n\n\n\n<p>Unser Verein veranstaltet regelm\u00e4\u00dfige Jugendversammlungen, Jugendfischen und ein Zeltlager, wobei f\u00fcr uns die waidgerechte Behandlung des Lebewesens &#8221; Fisch &#8221; , sowie der Natur- und Umweltschutz im Vordergrund steht.<\/p>\n\n\n\n<p>Auch die Hege und Pflege unserer Gew\u00e4sser ist ein wichtiger Aspekt.<\/p>\n\n\n\n<h2 class=\"wp-block-heading\">Vereinsfischen am Stollenw\u00f6rthweiher, Rhein und Neckar<\/h2>\n\n\n\n<p>Die gemeinsamen Vereinsfischen des AFV Merkur sollen dem Zusammenhalt der Mitglieder dienen. Sie sollen Demonstration waidgerechter Fischerei sein. Die Handhabung der Angelger\u00e4te und Fangtechniken sollen dabei vermittelt werden.<\/p>\n\n\n\n<p>Die Teilnahme vieler Mitglieder und deren Fangergebnisse k\u00f6nnen Aufschl\u00fcsse \u00fcber den Fischbestand und den Allgemeinzustand der Fische im Vereinsgew\u00e4sser geben. Dies sind wertvolle Hinweise f\u00fcr die Gew\u00e4sserbewirtschaftung!<\/p>\n\n\n\nngg_shortcode_0_placeholder\n","protected":false},"excerpt":{"rendered":"<p>Der AFV Merkur im Wandel der Zeit Am 2. Februar 1911, kamen in K 2, in Mannheim elf begeisterte Petrij\u00fcnger zusammen, um einen eigenen Verein zu gr\u00fcnden:den heute \u00fcber 100 Jahre bestehenden Angel-Fischer Verein Merkur Mannheim e.V. In den Wirren des ersten und zweiten Weltkrieges waren die Aktivit\u00e4ten des Vereins sehr behindert, und dennoch ging&#8230;<\/p>\n","protected":false},"author":1,"featured_media":0,"parent":0,"menu_order":0,"comment_status":"closed","ping_status":"closed","template":"","meta":{"ngg_post_thumbnail":0,"_kad_post_transparent":"","_kad_post_title":"","_kad_post_layout":"","_kad_post_sidebar_id":"","_kad_post_content_style":"","_kad_post_vertical_padding":"","_kad_post_feature":"","_kad_post_feature_position":"","_kad_post_header":false,"_kad_post_footer":false,"_kad_post_classname":"","footnotes":""},"class_list":["post-2","page","type-page","status-publish","hentry"],"_links":{"self":[{"href":"http:\/\/www.afv-merkur.de\/index.php?rest_route=\/wp\/v2\/pages\/2","targetHints":{"allow":["GET"]}}],"collection":[{"href":"http:\/\/www.afv-merkur.de\/index.php?rest_route=\/wp\/v2\/pages"}],"about":[{"href":"http:\/\/www.afv-merkur.de\/index.php?rest_route=\/wp\/v2\/types\/page"}],"author":[{"embeddable":true,"href":"http:\/\/www.afv-merkur.de\/index.php?rest_route=\/wp\/v2\/users\/1"}],"replies":[{"embeddable":true,"href":"http:\/\/www.afv-merkur.de\/index.php?rest_route=%2Fwp%2Fv2%2Fcomments&post=2"}],"version-history":[{"count":6,"href":"http:\/\/www.afv-merkur.de\/index.php?rest_route=\/wp\/v2\/pages\/2\/revisions"}],"predecessor-version":[{"id":119,"href":"http:\/\/www.afv-merkur.de\/index.php?rest_route=\/wp\/v2\/pages\/2\/revisions\/119"}],"wp:attachment":[{"href":"http:\/\/www.afv-merkur.de\/index.php?rest_route=%2Fwp%2Fv2%2Fmedia&parent=2"}],"curies":[{"name":"wp","href":"https:\/\/api.w.org\/{rel}","templated":true}]}}